{"id":3099,"date":"2020-05-16T16:30:35","date_gmt":"2020-05-16T16:30:35","guid":{"rendered":"https:\/\/ladobarcelona.com\/?post_type=product&#038;p=3099"},"modified":"2020-07-16T17:58:23","modified_gmt":"2020-07-16T17:58:23","slug":"suscripcion-cookies","status":"publish","type":"product","link":"https:\/\/ladobarcelona.com\/en\/product\/suscripcion-cookies\/","title":{"rendered":"Suscripci\u00f3n Cookies"},"content":{"rendered":"<p>Si te encantan las galletas, esta suscripci\u00f3n es para ti. Suscr\u00edbete y recibe cada mes un un surtido de nuestras galletas.<\/p>\n","protected":false},"excerpt":{"rendered":"<p>Si te encantan las galletas, esta suscripci\u00f3n es para ti. Suscr\u00edbete y recibe cada mes un un surtido de nuestras galletas.<\/p>\n","protected":false},"featured_media":3101,"template":"","meta":[],"product_cat":[54],"product_tag":[],"class_list":["post-3099","product","type-product","status-publish","has-post-thumbnail","hentry","product_cat-suscripcions-en"],"_links":{"self":[{"href":"https:\/\/ladobarcelona.com\/en\/wp-json\/wp\/v2\/product\/3099","targetHints":{"allow":["GET"]}}],"collection":[{"href":"https:\/\/ladobarcelona.com\/en\/wp-json\/wp\/v2\/product"}],"about":[{"href":"https:\/\/ladobarcelona.com\/en\/wp-json\/wp\/v2\/types\/product"}],"wp:featuredmedia":[{"embeddable":true,"href":"https:\/\/ladobarcelona.com\/en\/wp-json\/wp\/v2\/media\/3101"}],"wp:attachment":[{"href":"https:\/\/ladobarcelona.com\/en\/wp-json\/wp\/v2\/media?parent=3099"}],"wp:term":[{"taxonomy":"product_cat","embeddable":true,"href":"https:\/\/ladobarcelona.com\/en\/wp-json\/wp\/v2\/product_cat?post=3099"},{"taxonomy":"product_tag","embeddable":true,"href":"https:\/\/ladobarcelona.com\/en\/wp-json\/wp\/v2\/product_tag?post=3099"}],"curies":[{"name":"wp","href":"https:\/\/api.w.org\/{rel}","templated":true}]}}