{"id":605,"date":"2020-04-26T12:08:51","date_gmt":"2020-04-26T12:08:51","guid":{"rendered":"https:\/\/ladobarcelona.com\/?post_type=product&#038;p=605"},"modified":"2024-10-14T15:36:24","modified_gmt":"2024-10-14T15:36:24","slug":"caja-de-mini-surtido","status":"publish","type":"product","link":"https:\/\/ladobarcelona.com\/en\/product\/caja-de-mini-surtido\/","title":{"rendered":"Caja de Minis Surtido"},"content":{"rendered":"<p><strong>6<\/strong><strong> anillos elaborados + 3 rellenos*<\/strong><\/p>\n<p>&nbsp;<\/p>\n<p>*Te enviamos una selecci\u00f3n de los sabores del d\u00eda disponible en la tienda.<strong> Si prefiere elegir los sabores debes apuntarlo en la secci\u00f3n de notas en la cesta de compra.<\/strong><\/p>\n<p>Los pedidos tienen que hacerse con un m\u00ednimo de<strong> 24 horas de antelaci\u00f3n.<\/strong><\/p>\n","protected":false},"excerpt":{"rendered":"<p>6 anillos elaborados + 3 rellenos* &nbsp; *Te enviamos una selecci\u00f3n de los sabores del d\u00eda disponible en la tienda. Si prefiere elegir los sabores debes apuntarlo en la secci\u00f3n de notas en la cesta de compra. Los pedidos tienen que hacerse con un m\u00ednimo&#8230;<\/p>\n","protected":false},"featured_media":606,"template":"","meta":[],"product_cat":[30],"product_tag":[],"class_list":["post-605","product","type-product","status-publish","has-post-thumbnail","hentry","product_cat-barcelona"],"_links":{"self":[{"href":"https:\/\/ladobarcelona.com\/en\/wp-json\/wp\/v2\/product\/605","targetHints":{"allow":["GET"]}}],"collection":[{"href":"https:\/\/ladobarcelona.com\/en\/wp-json\/wp\/v2\/product"}],"about":[{"href":"https:\/\/ladobarcelona.com\/en\/wp-json\/wp\/v2\/types\/product"}],"wp:featuredmedia":[{"embeddable":true,"href":"https:\/\/ladobarcelona.com\/en\/wp-json\/wp\/v2\/media\/606"}],"wp:attachment":[{"href":"https:\/\/ladobarcelona.com\/en\/wp-json\/wp\/v2\/media?parent=605"}],"wp:term":[{"taxonomy":"product_cat","embeddable":true,"href":"https:\/\/ladobarcelona.com\/en\/wp-json\/wp\/v2\/product_cat?post=605"},{"taxonomy":"product_tag","embeddable":true,"href":"https:\/\/ladobarcelona.com\/en\/wp-json\/wp\/v2\/product_tag?post=605"}],"curies":[{"name":"wp","href":"https:\/\/api.w.org\/{rel}","templated":true}]}}