{"id":611,"date":"2020-04-26T12:16:00","date_gmt":"2020-04-26T12:16:00","guid":{"rendered":"https:\/\/ladobarcelona.com\/?post_type=product&#038;p=611"},"modified":"2024-10-15T09:33:21","modified_gmt":"2024-10-15T09:33:21","slug":"caja-de-4-glaseado-de-vaina","status":"publish","type":"product","link":"https:\/\/ladobarcelona.com\/en\/product\/caja-de-4-glaseado-de-vaina\/","title":{"rendered":"Glaseado de Vainilla de Vaina de Tahit\u00ed"},"content":{"rendered":"<p>Los pedidos tienen que hacerse con un m\u00ednimo de<strong> 24 horas de antelaci\u00f3n.<\/strong><\/p>\n","protected":false},"excerpt":{"rendered":"<p>Los pedidos tienen que hacerse con un m\u00ednimo de 24 horas de antelaci\u00f3n.<\/p>\n","protected":false},"featured_media":705,"template":"","meta":[],"product_cat":[30],"product_tag":[],"class_list":["post-611","product","type-product","status-publish","has-post-thumbnail","hentry","product_cat-barcelona"],"_links":{"self":[{"href":"https:\/\/ladobarcelona.com\/en\/wp-json\/wp\/v2\/product\/611","targetHints":{"allow":["GET"]}}],"collection":[{"href":"https:\/\/ladobarcelona.com\/en\/wp-json\/wp\/v2\/product"}],"about":[{"href":"https:\/\/ladobarcelona.com\/en\/wp-json\/wp\/v2\/types\/product"}],"wp:featuredmedia":[{"embeddable":true,"href":"https:\/\/ladobarcelona.com\/en\/wp-json\/wp\/v2\/media\/705"}],"wp:attachment":[{"href":"https:\/\/ladobarcelona.com\/en\/wp-json\/wp\/v2\/media?parent=611"}],"wp:term":[{"taxonomy":"product_cat","embeddable":true,"href":"https:\/\/ladobarcelona.com\/en\/wp-json\/wp\/v2\/product_cat?post=611"},{"taxonomy":"product_tag","embeddable":true,"href":"https:\/\/ladobarcelona.com\/en\/wp-json\/wp\/v2\/product_tag?post=611"}],"curies":[{"name":"wp","href":"https:\/\/api.w.org\/{rel}","templated":true}]}}