{"id":698,"date":"2020-05-11T18:27:50","date_gmt":"2020-05-11T18:27:50","guid":{"rendered":"https:\/\/ladobarcelona.com\/?post_type=product&#038;p=698"},"modified":"2024-10-15T09:31:47","modified_gmt":"2024-10-15T09:31:47","slug":"anillos-elaborados","status":"publish","type":"product","link":"https:\/\/ladobarcelona.com\/en\/product\/anillos-elaborados\/","title":{"rendered":"Anillos elaborados"},"content":{"rendered":"<p><strong>*Te enviamos una selecci\u00f3n de los sabores del d\u00eda disponible en la tienda. Si prefiere elegir los sabores debes apuntarlo en la secci\u00f3n de notas en la cesta de compra.<\/strong><\/p>\n<p>Los pedidos tienen que hacerse con un m\u00ednimo de<strong> 24 horas de antelaci\u00f3n.<\/strong><\/p>\n","protected":false},"excerpt":{"rendered":"<p>*Te enviamos una selecci\u00f3n de los sabores del d\u00eda disponible en la tienda. Si prefiere elegir los sabores debes apuntarlo en la secci\u00f3n de notas en la cesta de compra. Los pedidos tienen que hacerse con un m\u00ednimo de 24 horas de antelaci\u00f3n.<\/p>\n","protected":false},"featured_media":699,"template":"","meta":[],"product_cat":[30],"product_tag":[],"class_list":["post-698","product","type-product","status-publish","has-post-thumbnail","hentry","product_cat-barcelona"],"_links":{"self":[{"href":"https:\/\/ladobarcelona.com\/en\/wp-json\/wp\/v2\/product\/698","targetHints":{"allow":["GET"]}}],"collection":[{"href":"https:\/\/ladobarcelona.com\/en\/wp-json\/wp\/v2\/product"}],"about":[{"href":"https:\/\/ladobarcelona.com\/en\/wp-json\/wp\/v2\/types\/product"}],"wp:featuredmedia":[{"embeddable":true,"href":"https:\/\/ladobarcelona.com\/en\/wp-json\/wp\/v2\/media\/699"}],"wp:attachment":[{"href":"https:\/\/ladobarcelona.com\/en\/wp-json\/wp\/v2\/media?parent=698"}],"wp:term":[{"taxonomy":"product_cat","embeddable":true,"href":"https:\/\/ladobarcelona.com\/en\/wp-json\/wp\/v2\/product_cat?post=698"},{"taxonomy":"product_tag","embeddable":true,"href":"https:\/\/ladobarcelona.com\/en\/wp-json\/wp\/v2\/product_tag?post=698"}],"curies":[{"name":"wp","href":"https:\/\/api.w.org\/{rel}","templated":true}]}}